{"id":33,"date":"2024-10-29T13:21:53","date_gmt":"2024-10-29T12:21:53","guid":{"rendered":"https:\/\/mydelight.be\/?page_id=33"},"modified":"2025-01-20T14:45:46","modified_gmt":"2025-01-20T13:45:46","slug":"menu-repas-quotidien","status":"publish","type":"page","link":"https:\/\/mydelight.be\/index.php\/menu-repas-quotidien\/","title":{"rendered":"Menu repas quotidien"},"content":{"rendered":"\n<div class=\"wp-block-cover has-parallax\"><span aria-hidden=\"true\" class=\"wp-block-cover__background has-background-dim\"><\/span><div class=\"wp-block-cover__image-background wp-image-69 has-parallax\" style=\"background-position:50% 50%;background-image:url(https:\/\/mydelight.be\/wp-content\/uploads\/2024\/11\/f7c6e6a6-e3af-4862-88a8-09f0f25457ea-1024x768.jpg)\"><\/div><div class=\"wp-block-cover__inner-container is-layout-flow wp-block-cover-is-layout-flow\">\n<p class=\"has-text-align-center has-large-font-size\">Repas quotidiens<\/p>\n<\/div><\/div>\n\n\n\n<p class=\"has-text-align-center has-x-large-font-size\"><strong>Sandwichs<\/strong><\/p>\n\n\n\n<figure class=\"wp-block-gallery has-nested-images columns-default is-cropped wp-block-gallery-1 is-layout-flex wp-block-gallery-is-layout-flex\">\n<figure class=\"wp-block-image size-large is-style-rounded\"><img loading=\"lazy\" decoding=\"async\" width=\"1024\" height=\"768\" data-id=\"71\" src=\"https:\/\/mydelight.be\/wp-content\/uploads\/2024\/11\/7d274ee3-caf1-4273-8d02-fca553ea292f-1024x768.jpg\" alt=\"\" class=\"wp-image-71\" srcset=\"https:\/\/mydelight.be\/wp-content\/uploads\/2024\/11\/7d274ee3-caf1-4273-8d02-fca553ea292f-1024x768.jpg 1024w, https:\/\/mydelight.be\/wp-content\/uploads\/2024\/11\/7d274ee3-caf1-4273-8d02-fca553ea292f-300x225.jpg 300w, https:\/\/mydelight.be\/wp-content\/uploads\/2024\/11\/7d274ee3-caf1-4273-8d02-fca553ea292f-768x576.jpg 768w, https:\/\/mydelight.be\/wp-content\/uploads\/2024\/11\/7d274ee3-caf1-4273-8d02-fca553ea292f-1536x1152.jpg 1536w, https:\/\/mydelight.be\/wp-content\/uploads\/2024\/11\/7d274ee3-caf1-4273-8d02-fca553ea292f.jpg 2040w\" sizes=\"auto, (max-width: 1024px) 100vw, 1024px\" \/><\/figure>\n\n\n\n<figure class=\"wp-block-image size-large is-style-rounded\"><img loading=\"lazy\" decoding=\"async\" width=\"1024\" height=\"768\" data-id=\"72\" src=\"https:\/\/mydelight.be\/wp-content\/uploads\/2024\/11\/be86f502-45ca-435a-812b-8ead6ed35576-1024x768.jpg\" alt=\"\" class=\"wp-image-72\" srcset=\"https:\/\/mydelight.be\/wp-content\/uploads\/2024\/11\/be86f502-45ca-435a-812b-8ead6ed35576-1024x768.jpg 1024w, https:\/\/mydelight.be\/wp-content\/uploads\/2024\/11\/be86f502-45ca-435a-812b-8ead6ed35576-300x225.jpg 300w, https:\/\/mydelight.be\/wp-content\/uploads\/2024\/11\/be86f502-45ca-435a-812b-8ead6ed35576-768x576.jpg 768w, https:\/\/mydelight.be\/wp-content\/uploads\/2024\/11\/be86f502-45ca-435a-812b-8ead6ed35576-1536x1152.jpg 1536w, https:\/\/mydelight.be\/wp-content\/uploads\/2024\/11\/be86f502-45ca-435a-812b-8ead6ed35576.jpg 2040w\" sizes=\"auto, (max-width: 1024px) 100vw, 1024px\" \/><\/figure>\n<\/figure>\n\n\n\n<h2 class=\"wp-block-heading has-text-align-center has-x-large-font-size\">Les Classiques<\/h2>\n\n\n\n<p>Des sandwichs savoureux \u00e0 prix doux, parfaits pour les petites faims !<\/p>\n\n\n\n<p><strong>Thon Crudit\u00e9s<\/strong> &#8211; 5 \u20ac<br>Un incontournable avec du thon frais, des tomates, concombres croquants et un m\u00e9lange de crudit\u00e9s fra\u00eeches.<\/p>\n\n\n\n<p><strong>Dagobert<\/strong> &#8211; 4,5 \u20ac<br>Le classique des classiques : jambon, fromage, salade, et mayonnaise pour un moment de pure gourmandise.<\/p>\n\n\n\n<p><\/p>\n\n\n\n<h2 class=\"wp-block-heading has-text-align-center has-x-large-font-size\">Les Raffin\u00e9s<\/h2>\n\n\n\n<p>Des sandwichs gourmets, avec des ingr\u00e9dients qui sortent de l\u2019ordinaire.<\/p>\n\n\n\n<p><strong>Scampi d\u2019Italie<\/strong> &#8211; 6,5 \u20ac<br>Scampis marin\u00e9s \u00e0 l\u2019ail, saumon d\u00e9licat, tomates s\u00e9ch\u00e9es, copeaux de parmesan et roquette fra\u00eeche pour un go\u00fbt intense et raffin\u00e9.<\/p>\n\n\n\n<p><\/p>\n\n\n\n<h3 class=\"wp-block-heading\">Les Incontournables de Clara<\/h3>\n\n\n\n<p>Les sp\u00e9cialit\u00e9s maison qui font la r\u00e9putation de Clara, avec des recettes uniques et gourmandes !<\/p>\n\n\n\n<p><strong>Poulet L\u00e9gumes Grill\u00e9s<\/strong> &#8211; 6 \u20ac<br>Un m\u00e9lange savoureux de poulet tendre et de l\u00e9gumes grill\u00e9s, pour une bouch\u00e9e pleine de saveurs.<\/p>\n\n\n\n<p><strong>Espagnol<\/strong> &#8211; 6 \u20ac<br>Jambon serrano et ch\u00e8vre fondant, accompagn\u00e9s de tomates s\u00e9ch\u00e9es et cornichons croquants. Une touche espagnole authentique.<\/p>\n\n\n\n<p><strong>Ch\u00e8vre Miel Balsamique<\/strong> &#8211; 6 \u20ac<br>Un mariage parfait de ch\u00e8vre cr\u00e9meux, miel d\u00e9licat, roquette et une touche de cr\u00e8me balsamique pour un \u00e9quilibre sucr\u00e9-sal\u00e9 irr\u00e9sistible.<\/p>\n\n\n\n<p><strong>Houmous Original<\/strong> &#8211; 6 \u20ac<br>Houmous onctueux, tomates s\u00e9ch\u00e9es, oignons frits et roquette, une option v\u00e9g\u00e9tarienne qui marie douceur et croquant.<\/p>\n\n\n\n<p>Avec des sandwichs pr\u00e9par\u00e9s chaque jour avec des ingr\u00e9dients frais et de qualit\u00e9, je vous invite \u00e0 red\u00e9couvrir l\u2019art du sandwich dans chaque bouch\u00e9e !<\/p>\n\n\n\n<p class=\"has-text-align-center has-x-large-font-size\"><strong>Les Pok\u00e9s Signatures de Clara<\/strong><\/p>\n\n\n\n<figure class=\"wp-block-gallery has-nested-images columns-default is-cropped wp-block-gallery-2 is-layout-flex wp-block-gallery-is-layout-flex\">\n<figure class=\"wp-block-image size-large is-style-rounded\"><img loading=\"lazy\" decoding=\"async\" width=\"800\" height=\"600\" data-id=\"79\" src=\"https:\/\/mydelight.be\/wp-content\/uploads\/2024\/11\/BOWL-edited.png\" alt=\"\" class=\"wp-image-79\" srcset=\"https:\/\/mydelight.be\/wp-content\/uploads\/2024\/11\/BOWL-edited.png 800w, https:\/\/mydelight.be\/wp-content\/uploads\/2024\/11\/BOWL-edited-300x225.png 300w, https:\/\/mydelight.be\/wp-content\/uploads\/2024\/11\/BOWL-edited-768x576.png 768w\" sizes=\"auto, (max-width: 800px) 100vw, 800px\" \/><\/figure>\n\n\n\n<figure class=\"wp-block-image size-large is-style-rounded\"><img loading=\"lazy\" decoding=\"async\" width=\"800\" height=\"600\" data-id=\"78\" src=\"https:\/\/mydelight.be\/wp-content\/uploads\/2024\/11\/bowl-2-edited.png\" alt=\"\" class=\"wp-image-78\" srcset=\"https:\/\/mydelight.be\/wp-content\/uploads\/2024\/11\/bowl-2-edited.png 800w, https:\/\/mydelight.be\/wp-content\/uploads\/2024\/11\/bowl-2-edited-300x225.png 300w, https:\/\/mydelight.be\/wp-content\/uploads\/2024\/11\/bowl-2-edited-768x576.png 768w\" sizes=\"auto, (max-width: 800px) 100vw, 800px\" \/><\/figure>\n<\/figure>\n\n\n\n<p> \u2013 8,00 \u20ac<br>Savourez des pok\u00e9s frais, \u00e9quilibr\u00e9s et color\u00e9s, pr\u00e9par\u00e9s avec soin pour vous offrir un repas complet et gourmand.<\/p>\n\n\n\n<p><\/p>\n\n\n\n<p><strong>Pok\u00e9 Aloha Poulet<\/strong><br>Des morceaux de poulet grill\u00e9, accompagn\u00e9s d\u2019un m\u00e9lange de riz, l\u00e9gumes frais, mangue juteuse et d\u2019une touche de s\u00e9same. Une aventure douce et exotique dans chaque bouch\u00e9e !<\/p>\n\n\n\n<p><strong>Pok\u00e9 Oc\u00e9an Scampi<\/strong><br>Scampis marin\u00e9s et r\u00f4tis, sur un lit de riz, agr\u00e9ment\u00e9 de l\u00e9gumes croquants, avocat cr\u00e9meux, et parsem\u00e9 de graines de chia. Un bol frais et raffin\u00e9 qui rappelle l&rsquo;oc\u00e9an.<\/p>\n\n\n\n<p><strong>Pok\u00e9 Saumon Z\u00e9nitude<\/strong><br>Saumon fum\u00e9 d\u00e9licat, riz parfum\u00e9, concombres, radis et avocat, le tout rehauss\u00e9 d\u2019un filet de sauce soja l\u00e9g\u00e8re. Une exp\u00e9rience de saveurs \u00e9quilibr\u00e9es pour les amateurs de poisson.<\/p>\n\n\n\n<p><strong>Pok\u00e9 Green Power (V\u00e9g\u00e9)<\/strong><br>Pour les v\u00e9g\u00e9tariens, un pok\u00e9 avec tofu marin\u00e9, riz, edamame, avocat, carottes et un zeste de citron. Un m\u00e9lange \u00e9nergisant et nourrissant, tout en fra\u00eecheur et couleur.<\/p>\n\n\n\n<p class=\"has-text-align-center has-x-large-font-size\"><strong>Les Salades Fra\u00eecheur de Clara<\/strong><\/p>\n\n\n\n<figure class=\"wp-block-gallery has-nested-images columns-default is-cropped wp-block-gallery-3 is-layout-flex wp-block-gallery-is-layout-flex\">\n<figure class=\"wp-block-image size-large is-style-rounded\"><img loading=\"lazy\" decoding=\"async\" width=\"1024\" height=\"976\" data-id=\"80\" src=\"https:\/\/mydelight.be\/wp-content\/uploads\/2024\/11\/797cbf63-342b-4439-b091-4639661fcfd8-1024x976.jpg\" alt=\"\" class=\"wp-image-80\" srcset=\"https:\/\/mydelight.be\/wp-content\/uploads\/2024\/11\/797cbf63-342b-4439-b091-4639661fcfd8-1024x976.jpg 1024w, https:\/\/mydelight.be\/wp-content\/uploads\/2024\/11\/797cbf63-342b-4439-b091-4639661fcfd8-300x286.jpg 300w, https:\/\/mydelight.be\/wp-content\/uploads\/2024\/11\/797cbf63-342b-4439-b091-4639661fcfd8-768x732.jpg 768w, https:\/\/mydelight.be\/wp-content\/uploads\/2024\/11\/797cbf63-342b-4439-b091-4639661fcfd8-1536x1464.jpg 1536w, https:\/\/mydelight.be\/wp-content\/uploads\/2024\/11\/797cbf63-342b-4439-b091-4639661fcfd8.jpg 1809w\" sizes=\"auto, (max-width: 1024px) 100vw, 1024px\" \/><\/figure>\n\n\n\n<figure class=\"wp-block-image size-large is-style-rounded\"><img loading=\"lazy\" decoding=\"async\" width=\"1024\" height=\"576\" data-id=\"84\" src=\"https:\/\/mydelight.be\/wp-content\/uploads\/2024\/11\/a670e4ce-3e52-4758-83f2-ba3e0689ba67-1024x576.jpg\" alt=\"\" class=\"wp-image-84\" srcset=\"https:\/\/mydelight.be\/wp-content\/uploads\/2024\/11\/a670e4ce-3e52-4758-83f2-ba3e0689ba67-1024x576.jpg 1024w, https:\/\/mydelight.be\/wp-content\/uploads\/2024\/11\/a670e4ce-3e52-4758-83f2-ba3e0689ba67-300x169.jpg 300w, https:\/\/mydelight.be\/wp-content\/uploads\/2024\/11\/a670e4ce-3e52-4758-83f2-ba3e0689ba67-768x432.jpg 768w, https:\/\/mydelight.be\/wp-content\/uploads\/2024\/11\/a670e4ce-3e52-4758-83f2-ba3e0689ba67-1536x864.jpg 1536w, https:\/\/mydelight.be\/wp-content\/uploads\/2024\/11\/a670e4ce-3e52-4758-83f2-ba3e0689ba67.jpg 1920w\" sizes=\"auto, (max-width: 1024px) 100vw, 1024px\" \/><\/figure>\n<\/figure>\n\n\n\n<p>\u2013 8,00 \u20ac<br>D\u00e9couvrez des salades savoureuses, color\u00e9es et g\u00e9n\u00e9reuses, compos\u00e9es avec des ingr\u00e9dients frais et \u00e9quilibr\u00e9s pour un repas complet.<\/p>\n\n\n\n<p><strong>Salade Poulet Croquant<\/strong><br>Laitue, chou blanc, tomates, carottes, concombres, pommes de terre\/p\u00e2tes, \u0153ufs et morceaux de poulet grill\u00e9, le tout relev\u00e9 par une vinaigrette maison. Un plaisir croustillant et nourrissant.<\/p>\n\n\n\n<p><strong>Salade Scampi Estival<\/strong><br>Des scampis tendres, accompagn\u00e9s de laitue fra\u00eeche, chou blanc, carottes, tomates et concombres, agr\u00e9ment\u00e9s d\u2019une touche de pommes de terre\/p\u00e2tes. Une salade ensoleill\u00e9e qui apporte fra\u00eecheur et l\u00e9g\u00e8ret\u00e9.<\/p>\n\n\n\n<p><strong>Salade P\u00eache au Thon<\/strong><br>Un d\u00e9lice classique revisit\u00e9, avec haricots croquants, p\u00eache sucr\u00e9e, thon, \u0153ufs et tomates sur une base de laitue fra\u00eeche et vinaigrette. Un mariage de saveurs sucr\u00e9-sal\u00e9 irr\u00e9sistible.<\/p>\n\n\n\n<p><strong>Salade Mozza Parme<\/strong><br>Laitue, tomates, mozza fondante, olives, jambon de Parme, poivrons grill\u00e9s et cr\u00e8me balsamique. Une salade italienne gourmande et \u00e9quilibr\u00e9e, id\u00e9ale pour les amateurs de saveurs m\u00e9diterran\u00e9ennes.<\/p>\n\n\n\n<p><strong>Salade Green V\u00e9g\u00e9tarienne<\/strong><br>Pour les adeptes de l\u00e9g\u00e8ret\u00e9, un bol de lentilles, carottes, chou blanc, concombre et persil, assaisonn\u00e9 d\u2019une vinaigrette maison. Une option fra\u00eeche et color\u00e9e qui met en valeur les l\u00e9gumes dans toute leur simplicit\u00e9.<\/p>\n\n\n\n<div class=\"wp-block-buttons is-content-justification-center is-layout-flex wp-container-core-buttons-is-layout-16018d1d wp-block-buttons-is-layout-flex\">\n<div class=\"wp-block-button is-style-fill\"><a class=\"wp-block-button__link has-black-color has-luminous-vivid-amber-background-color has-text-color has-background has-link-color wp-element-button\" href=\"tel:+32485753881\">Nous contacter<\/a><\/div>\n<\/div>\n","protected":false},"excerpt":{"rendered":"<p>Sandwichs Les Classiques Des sandwichs savoureux \u00e0 prix doux, parfaits [&hellip;]<\/p>\n","protected":false},"author":1,"featured_media":0,"parent":0,"menu_order":0,"comment_status":"closed","ping_status":"closed","template":"","meta":{"footnotes":""},"class_list":["post-33","page","type-page","status-publish","hentry"],"yoast_head":"<!-- This site is optimized with the Yoast SEO plugin v24.0 - https:\/\/yoast.com\/wordpress\/plugins\/seo\/ -->\n<title>Menu repas quotidien - MyDelight<\/title>\n<meta name=\"robots\" content=\"index, follow, max-snippet:-1, max-image-preview:large, max-video-preview:-1\" \/>\n<link rel=\"canonical\" href=\"https:\/\/mydelight.be\/index.php\/menu-repas-quotidien\/\" \/>\n<meta property=\"og:locale\" content=\"fr_FR\" \/>\n<meta property=\"og:type\" content=\"article\" \/>\n<meta property=\"og:title\" content=\"Menu repas quotidien - MyDelight\" \/>\n<meta property=\"og:description\" content=\"Sandwichs Les Classiques Des sandwichs savoureux \u00e0 prix doux, parfaits [&hellip;]\" \/>\n<meta property=\"og:url\" content=\"https:\/\/mydelight.be\/index.php\/menu-repas-quotidien\/\" \/>\n<meta property=\"og:site_name\" content=\"MyDelight\" \/>\n<meta property=\"article:modified_time\" content=\"2025-01-20T13:45:46+00:00\" \/>\n<meta property=\"og:image\" content=\"https:\/\/mydelight.be\/wp-content\/uploads\/2024\/11\/7d274ee3-caf1-4273-8d02-fca553ea292f-1024x768.jpg\" \/>\n<meta name=\"twitter:card\" content=\"summary_large_image\" \/>\n<meta name=\"twitter:label1\" content=\"Dur\u00e9e de lecture estim\u00e9e\" \/>\n\t<meta name=\"twitter:data1\" content=\"9 minutes\" \/>\n<script type=\"application\/ld+json\" class=\"yoast-schema-graph\">{\"@context\":\"https:\/\/schema.org\",\"@graph\":[{\"@type\":\"WebPage\",\"@id\":\"https:\/\/mydelight.be\/index.php\/menu-repas-quotidien\/\",\"url\":\"https:\/\/mydelight.be\/index.php\/menu-repas-quotidien\/\",\"name\":\"Menu repas quotidien - MyDelight\",\"isPartOf\":{\"@id\":\"https:\/\/mydelight.be\/#website\"},\"primaryImageOfPage\":{\"@id\":\"https:\/\/mydelight.be\/index.php\/menu-repas-quotidien\/#primaryimage\"},\"image\":{\"@id\":\"https:\/\/mydelight.be\/index.php\/menu-repas-quotidien\/#primaryimage\"},\"thumbnailUrl\":\"https:\/\/mydelight.be\/wp-content\/uploads\/2024\/11\/7d274ee3-caf1-4273-8d02-fca553ea292f-1024x768.jpg\",\"datePublished\":\"2024-10-29T12:21:53+00:00\",\"dateModified\":\"2025-01-20T13:45:46+00:00\",\"breadcrumb\":{\"@id\":\"https:\/\/mydelight.be\/index.php\/menu-repas-quotidien\/#breadcrumb\"},\"inLanguage\":\"fr-FR\",\"potentialAction\":[{\"@type\":\"ReadAction\",\"target\":[\"https:\/\/mydelight.be\/index.php\/menu-repas-quotidien\/\"]}]},{\"@type\":\"ImageObject\",\"inLanguage\":\"fr-FR\",\"@id\":\"https:\/\/mydelight.be\/index.php\/menu-repas-quotidien\/#primaryimage\",\"url\":\"https:\/\/mydelight.be\/wp-content\/uploads\/2024\/11\/7d274ee3-caf1-4273-8d02-fca553ea292f.jpg\",\"contentUrl\":\"https:\/\/mydelight.be\/wp-content\/uploads\/2024\/11\/7d274ee3-caf1-4273-8d02-fca553ea292f.jpg\",\"width\":2040,\"height\":1530},{\"@type\":\"BreadcrumbList\",\"@id\":\"https:\/\/mydelight.be\/index.php\/menu-repas-quotidien\/#breadcrumb\",\"itemListElement\":[{\"@type\":\"ListItem\",\"position\":1,\"name\":\"Accueil\",\"item\":\"https:\/\/mydelight.be\/\"},{\"@type\":\"ListItem\",\"position\":2,\"name\":\"Menu repas quotidien\"}]},{\"@type\":\"WebSite\",\"@id\":\"https:\/\/mydelight.be\/#website\",\"url\":\"https:\/\/mydelight.be\/\",\"name\":\"MyDelight\",\"description\":\"\",\"publisher\":{\"@id\":\"https:\/\/mydelight.be\/#organization\"},\"potentialAction\":[{\"@type\":\"SearchAction\",\"target\":{\"@type\":\"EntryPoint\",\"urlTemplate\":\"https:\/\/mydelight.be\/?s={search_term_string}\"},\"query-input\":{\"@type\":\"PropertyValueSpecification\",\"valueRequired\":true,\"valueName\":\"search_term_string\"}}],\"inLanguage\":\"fr-FR\"},{\"@type\":\"Organization\",\"@id\":\"https:\/\/mydelight.be\/#organization\",\"name\":\"MyDelight\",\"url\":\"https:\/\/mydelight.be\/\",\"logo\":{\"@type\":\"ImageObject\",\"inLanguage\":\"fr-FR\",\"@id\":\"https:\/\/mydelight.be\/#\/schema\/logo\/image\/\",\"url\":\"https:\/\/mydelight.be\/wp-content\/uploads\/2024\/10\/cropped-f0d6115b-e54f-4c35-867c-30eba453fe00-removebg-preview.png\",\"contentUrl\":\"https:\/\/mydelight.be\/wp-content\/uploads\/2024\/10\/cropped-f0d6115b-e54f-4c35-867c-30eba453fe00-removebg-preview.png\",\"width\":500,\"height\":500,\"caption\":\"MyDelight\"},\"image\":{\"@id\":\"https:\/\/mydelight.be\/#\/schema\/logo\/image\/\"}}]}<\/script>\n<!-- \/ Yoast SEO plugin. -->","yoast_head_json":{"title":"Menu repas quotidien - MyDelight","robots":{"index":"index","follow":"follow","max-snippet":"max-snippet:-1","max-image-preview":"max-image-preview:large","max-video-preview":"max-video-preview:-1"},"canonical":"https:\/\/mydelight.be\/index.php\/menu-repas-quotidien\/","og_locale":"fr_FR","og_type":"article","og_title":"Menu repas quotidien - MyDelight","og_description":"Sandwichs Les Classiques Des sandwichs savoureux \u00e0 prix doux, parfaits [&hellip;]","og_url":"https:\/\/mydelight.be\/index.php\/menu-repas-quotidien\/","og_site_name":"MyDelight","article_modified_time":"2025-01-20T13:45:46+00:00","og_image":[{"url":"https:\/\/mydelight.be\/wp-content\/uploads\/2024\/11\/7d274ee3-caf1-4273-8d02-fca553ea292f-1024x768.jpg","type":"","width":"","height":""}],"twitter_card":"summary_large_image","twitter_misc":{"Dur\u00e9e de lecture estim\u00e9e":"9 minutes"},"schema":{"@context":"https:\/\/schema.org","@graph":[{"@type":"WebPage","@id":"https:\/\/mydelight.be\/index.php\/menu-repas-quotidien\/","url":"https:\/\/mydelight.be\/index.php\/menu-repas-quotidien\/","name":"Menu repas quotidien - MyDelight","isPartOf":{"@id":"https:\/\/mydelight.be\/#website"},"primaryImageOfPage":{"@id":"https:\/\/mydelight.be\/index.php\/menu-repas-quotidien\/#primaryimage"},"image":{"@id":"https:\/\/mydelight.be\/index.php\/menu-repas-quotidien\/#primaryimage"},"thumbnailUrl":"https:\/\/mydelight.be\/wp-content\/uploads\/2024\/11\/7d274ee3-caf1-4273-8d02-fca553ea292f-1024x768.jpg","datePublished":"2024-10-29T12:21:53+00:00","dateModified":"2025-01-20T13:45:46+00:00","breadcrumb":{"@id":"https:\/\/mydelight.be\/index.php\/menu-repas-quotidien\/#breadcrumb"},"inLanguage":"fr-FR","potentialAction":[{"@type":"ReadAction","target":["https:\/\/mydelight.be\/index.php\/menu-repas-quotidien\/"]}]},{"@type":"ImageObject","inLanguage":"fr-FR","@id":"https:\/\/mydelight.be\/index.php\/menu-repas-quotidien\/#primaryimage","url":"https:\/\/mydelight.be\/wp-content\/uploads\/2024\/11\/7d274ee3-caf1-4273-8d02-fca553ea292f.jpg","contentUrl":"https:\/\/mydelight.be\/wp-content\/uploads\/2024\/11\/7d274ee3-caf1-4273-8d02-fca553ea292f.jpg","width":2040,"height":1530},{"@type":"BreadcrumbList","@id":"https:\/\/mydelight.be\/index.php\/menu-repas-quotidien\/#breadcrumb","itemListElement":[{"@type":"ListItem","position":1,"name":"Accueil","item":"https:\/\/mydelight.be\/"},{"@type":"ListItem","position":2,"name":"Menu repas quotidien"}]},{"@type":"WebSite","@id":"https:\/\/mydelight.be\/#website","url":"https:\/\/mydelight.be\/","name":"MyDelight","description":"","publisher":{"@id":"https:\/\/mydelight.be\/#organization"},"potentialAction":[{"@type":"SearchAction","target":{"@type":"EntryPoint","urlTemplate":"https:\/\/mydelight.be\/?s={search_term_string}"},"query-input":{"@type":"PropertyValueSpecification","valueRequired":true,"valueName":"search_term_string"}}],"inLanguage":"fr-FR"},{"@type":"Organization","@id":"https:\/\/mydelight.be\/#organization","name":"MyDelight","url":"https:\/\/mydelight.be\/","logo":{"@type":"ImageObject","inLanguage":"fr-FR","@id":"https:\/\/mydelight.be\/#\/schema\/logo\/image\/","url":"https:\/\/mydelight.be\/wp-content\/uploads\/2024\/10\/cropped-f0d6115b-e54f-4c35-867c-30eba453fe00-removebg-preview.png","contentUrl":"https:\/\/mydelight.be\/wp-content\/uploads\/2024\/10\/cropped-f0d6115b-e54f-4c35-867c-30eba453fe00-removebg-preview.png","width":500,"height":500,"caption":"MyDelight"},"image":{"@id":"https:\/\/mydelight.be\/#\/schema\/logo\/image\/"}}]}},"_links":{"self":[{"href":"https:\/\/mydelight.be\/index.php\/wp-json\/wp\/v2\/pages\/33","targetHints":{"allow":["GET"]}}],"collection":[{"href":"https:\/\/mydelight.be\/index.php\/wp-json\/wp\/v2\/pages"}],"about":[{"href":"https:\/\/mydelight.be\/index.php\/wp-json\/wp\/v2\/types\/page"}],"author":[{"embeddable":true,"href":"https:\/\/mydelight.be\/index.php\/wp-json\/wp\/v2\/users\/1"}],"replies":[{"embeddable":true,"href":"https:\/\/mydelight.be\/index.php\/wp-json\/wp\/v2\/comments?post=33"}],"version-history":[{"count":3,"href":"https:\/\/mydelight.be\/index.php\/wp-json\/wp\/v2\/pages\/33\/revisions"}],"predecessor-version":[{"id":95,"href":"https:\/\/mydelight.be\/index.php\/wp-json\/wp\/v2\/pages\/33\/revisions\/95"}],"wp:attachment":[{"href":"https:\/\/mydelight.be\/index.php\/wp-json\/wp\/v2\/media?parent=33"}],"curies":[{"name":"wp","href":"https:\/\/api.w.org\/{rel}","templated":true}]}}