{"id":31,"date":"2024-10-29T13:21:38","date_gmt":"2024-10-29T12:21:38","guid":{"rendered":"https:\/\/mydelight.be\/?page_id=31"},"modified":"2024-11-04T15:41:02","modified_gmt":"2024-11-04T14:41:02","slug":"menu-traiteur","status":"publish","type":"page","link":"https:\/\/mydelight.be\/index.php\/menu-traiteur\/","title":{"rendered":"Menu Traiteur"},"content":{"rendered":"\n<div class=\"wp-block-cover has-parallax\"><span aria-hidden=\"true\" class=\"wp-block-cover__background has-background-dim\"><\/span><div class=\"wp-block-cover__image-background wp-image-62 has-parallax\" style=\"background-position:50% 50%;background-image:url(https:\/\/mydelight.be\/wp-content\/uploads\/2024\/10\/2c10106b-ec0b-4adb-83b6-67d6447f4168-1024x608.jpg)\"><\/div><div class=\"wp-block-cover__inner-container is-layout-flow wp-block-cover-is-layout-flow\">\n<p class=\"has-text-align-center has-x-large-font-size\">Plats Buffets<\/p>\n<\/div><\/div>\n\n\n\n<p class=\"has-text-align-center has-x-large-font-size\"><strong>Les Ovations de Clara<\/strong><\/p>\n\n\n\n<figure class=\"wp-block-gallery has-nested-images columns-default is-cropped wp-block-gallery-1 is-layout-flex wp-block-gallery-is-layout-flex\">\n<figure class=\"wp-block-image size-large is-resized is-style-rounded\"><img loading=\"lazy\" decoding=\"async\" width=\"768\" height=\"1024\" data-id=\"64\" src=\"https:\/\/mydelight.be\/wp-content\/uploads\/2024\/10\/706f3f9e-5f8a-41d7-a4f4-077e97a3acb8-768x1024.jpg\" alt=\"\" class=\"wp-image-64\" style=\"width:455px;height:auto\" srcset=\"https:\/\/mydelight.be\/wp-content\/uploads\/2024\/10\/706f3f9e-5f8a-41d7-a4f4-077e97a3acb8-768x1024.jpg 768w, https:\/\/mydelight.be\/wp-content\/uploads\/2024\/10\/706f3f9e-5f8a-41d7-a4f4-077e97a3acb8-225x300.jpg 225w, https:\/\/mydelight.be\/wp-content\/uploads\/2024\/10\/706f3f9e-5f8a-41d7-a4f4-077e97a3acb8.jpg 1080w\" sizes=\"auto, (max-width: 768px) 100vw, 768px\" \/><\/figure>\n\n\n\n<figure class=\"wp-block-image size-large is-resized is-style-rounded\"><img loading=\"lazy\" decoding=\"async\" width=\"576\" height=\"1024\" data-id=\"65\" src=\"https:\/\/mydelight.be\/wp-content\/uploads\/2024\/10\/644cdc9a-b37f-4f8c-a942-ada2389fb06b-576x1024.jpg\" alt=\"\" class=\"wp-image-65\" style=\"width:458px;height:auto\" srcset=\"https:\/\/mydelight.be\/wp-content\/uploads\/2024\/10\/644cdc9a-b37f-4f8c-a942-ada2389fb06b-576x1024.jpg 576w, https:\/\/mydelight.be\/wp-content\/uploads\/2024\/10\/644cdc9a-b37f-4f8c-a942-ada2389fb06b-169x300.jpg 169w, https:\/\/mydelight.be\/wp-content\/uploads\/2024\/10\/644cdc9a-b37f-4f8c-a942-ada2389fb06b-768x1366.jpg 768w, https:\/\/mydelight.be\/wp-content\/uploads\/2024\/10\/644cdc9a-b37f-4f8c-a942-ada2389fb06b-864x1536.jpg 864w, https:\/\/mydelight.be\/wp-content\/uploads\/2024\/10\/644cdc9a-b37f-4f8c-a942-ada2389fb06b.jpg 899w\" sizes=\"auto, (max-width: 576px) 100vw, 576px\" \/><\/figure>\n<\/figure>\n\n\n\n<p><em>Les Ovations de Clara<\/em> apportent une touche de fra\u00eecheur et de couleur \u00e0 vos buffets, o\u00f9 chaque salade et taboul\u00e9 est un tableau vivant, soigneusement pr\u00e9sent\u00e9 dans de somptueux plats ovales. D\u00e9couvrez un \u00e9ventail de saveurs : des salades \u00e9clatantes de tomates juteuses, des taboul\u00e9s parfum\u00e9s aux herbes et zestes d&rsquo;agrumes, chacune avec une personnalit\u00e9 unique. Cette pr\u00e9sentation \u00e9l\u00e9gante invite \u00e0 la d\u00e9couverte, m\u00ealant fra\u00eecheur et textures raffin\u00e9es pour offrir une exp\u00e9rience gourmande et color\u00e9e qui ravira autant les yeux que le palais.<\/p>\n\n\n\n<p class=\"has-text-align-center has-x-large-font-size\"><strong>Essentiels Italiens<\/strong><\/p>\n\n\n<div class=\"wp-block-image is-style-rounded\">\n<figure class=\"aligncenter size-large is-resized\"><img loading=\"lazy\" decoding=\"async\" width=\"768\" height=\"1024\" src=\"https:\/\/mydelight.be\/wp-content\/uploads\/2024\/10\/8505b26c-4921-4ec4-bf0e-d986efe267ea-768x1024.jpg\" alt=\"\" class=\"wp-image-67\" style=\"width:432px;height:auto\" srcset=\"https:\/\/mydelight.be\/wp-content\/uploads\/2024\/10\/8505b26c-4921-4ec4-bf0e-d986efe267ea-768x1024.jpg 768w, https:\/\/mydelight.be\/wp-content\/uploads\/2024\/10\/8505b26c-4921-4ec4-bf0e-d986efe267ea-225x300.jpg 225w, https:\/\/mydelight.be\/wp-content\/uploads\/2024\/10\/8505b26c-4921-4ec4-bf0e-d986efe267ea.jpg 1080w\" sizes=\"auto, (max-width: 768px) 100vw, 768px\" \/><\/figure>\n<\/div>\n\n\n<p><em>Les Essentiels Italiens<\/em> de Clara sont une ode \u00e0 la simplicit\u00e9 et aux saveurs m\u00e9diterran\u00e9ennes. D\u00e9couvrez des compositions l\u00e9g\u00e8res et authentiques comme le jambon de Parme accompagn\u00e9 de petites boules de mozzarella et de tomates, ou encore des salades de p\u00e2tes g\u00e9n\u00e9reuses et savoureuses. Ces incontournables, frais et d\u00e9licatement assaisonn\u00e9s, \u00e9voquent l&rsquo;Italie dans chaque bouch\u00e9e pour un voyage gustatif raffin\u00e9 et r\u00e9confortant.<\/p>\n\n\n\n<p class=\"has-text-align-center has-x-large-font-size\">Rose de parme<\/p>\n\n\n\n<figure class=\"wp-block-image size-large is-style-rounded\"><img loading=\"lazy\" decoding=\"async\" width=\"814\" height=\"1024\" src=\"https:\/\/mydelight.be\/wp-content\/uploads\/2024\/10\/6e7d85bf-31d0-4962-bcee-66765fe0703a-814x1024.jpg\" alt=\"\" class=\"wp-image-66\" srcset=\"https:\/\/mydelight.be\/wp-content\/uploads\/2024\/10\/6e7d85bf-31d0-4962-bcee-66765fe0703a-814x1024.jpg 814w, https:\/\/mydelight.be\/wp-content\/uploads\/2024\/10\/6e7d85bf-31d0-4962-bcee-66765fe0703a-239x300.jpg 239w, https:\/\/mydelight.be\/wp-content\/uploads\/2024\/10\/6e7d85bf-31d0-4962-bcee-66765fe0703a-768x966.jpg 768w, https:\/\/mydelight.be\/wp-content\/uploads\/2024\/10\/6e7d85bf-31d0-4962-bcee-66765fe0703a.jpg 1080w\" sizes=\"auto, (max-width: 814px) 100vw, 814px\" \/><\/figure>\n\n\n\n<p>Clara sublime l\u2019art de la charcuterie avec sa cr\u00e9ation unique, la <em>Rose Parme et Figues<\/em>. Sur un lit de charcuterie d\u00e9licate, des figues m\u00fbres et juteuses entourent une magnifique rose de jambon de Parme, reposant sur une base de pousses de soja. La douceur des figues se m\u00eale au go\u00fbt raffin\u00e9 du jambon, offrant une exp\u00e9rience gourmande d\u2019exception, \u00e0 la fois \u00e9l\u00e9gante et riche en contrastes. Un plat unique qui enchantera vos convives par sa beaut\u00e9 et sa saveur raffin\u00e9e.<\/p>\n\n\n\n<div class=\"wp-block-buttons is-content-justification-center is-layout-flex wp-container-core-buttons-is-layout-16018d1d wp-block-buttons-is-layout-flex\">\n<div class=\"wp-block-button is-style-fill\"><a class=\"wp-block-button__link has-black-color has-luminous-vivid-amber-background-color has-text-color has-background has-link-color wp-element-button\" href=\"tel:+32485753881\">Nous contacter<\/a><\/div>\n<\/div>\n","protected":false},"excerpt":{"rendered":"<p>Les Ovations de Clara Les Ovations de Clara apportent une [&hellip;]<\/p>\n","protected":false},"author":1,"featured_media":0,"parent":0,"menu_order":0,"comment_status":"closed","ping_status":"closed","template":"","meta":{"footnotes":""},"class_list":["post-31","page","type-page","status-publish","hentry"],"yoast_head":"<!-- This site is optimized with the Yoast SEO plugin v24.0 - https:\/\/yoast.com\/wordpress\/plugins\/seo\/ -->\n<title>Menu Traiteur - MyDelight<\/title>\n<meta name=\"robots\" content=\"index, follow, max-snippet:-1, max-image-preview:large, max-video-preview:-1\" \/>\n<link rel=\"canonical\" href=\"https:\/\/mydelight.be\/index.php\/menu-traiteur\/\" \/>\n<meta property=\"og:locale\" content=\"fr_FR\" \/>\n<meta property=\"og:type\" content=\"article\" \/>\n<meta property=\"og:title\" content=\"Menu Traiteur - MyDelight\" \/>\n<meta property=\"og:description\" content=\"Les Ovations de Clara Les Ovations de Clara apportent une [&hellip;]\" \/>\n<meta property=\"og:url\" content=\"https:\/\/mydelight.be\/index.php\/menu-traiteur\/\" \/>\n<meta property=\"og:site_name\" content=\"MyDelight\" \/>\n<meta property=\"article:modified_time\" content=\"2024-11-04T14:41:02+00:00\" \/>\n<meta property=\"og:image\" content=\"https:\/\/mydelight.be\/wp-content\/uploads\/2024\/10\/706f3f9e-5f8a-41d7-a4f4-077e97a3acb8-768x1024.jpg\" \/>\n<meta name=\"twitter:card\" content=\"summary_large_image\" \/>\n<meta name=\"twitter:label1\" content=\"Dur\u00e9e de lecture estim\u00e9e\" \/>\n\t<meta name=\"twitter:data1\" content=\"1 minute\" \/>\n<script type=\"application\/ld+json\" class=\"yoast-schema-graph\">{\"@context\":\"https:\/\/schema.org\",\"@graph\":[{\"@type\":\"WebPage\",\"@id\":\"https:\/\/mydelight.be\/index.php\/menu-traiteur\/\",\"url\":\"https:\/\/mydelight.be\/index.php\/menu-traiteur\/\",\"name\":\"Menu Traiteur - MyDelight\",\"isPartOf\":{\"@id\":\"https:\/\/mydelight.be\/#website\"},\"primaryImageOfPage\":{\"@id\":\"https:\/\/mydelight.be\/index.php\/menu-traiteur\/#primaryimage\"},\"image\":{\"@id\":\"https:\/\/mydelight.be\/index.php\/menu-traiteur\/#primaryimage\"},\"thumbnailUrl\":\"https:\/\/mydelight.be\/wp-content\/uploads\/2024\/10\/706f3f9e-5f8a-41d7-a4f4-077e97a3acb8-768x1024.jpg\",\"datePublished\":\"2024-10-29T12:21:38+00:00\",\"dateModified\":\"2024-11-04T14:41:02+00:00\",\"breadcrumb\":{\"@id\":\"https:\/\/mydelight.be\/index.php\/menu-traiteur\/#breadcrumb\"},\"inLanguage\":\"fr-FR\",\"potentialAction\":[{\"@type\":\"ReadAction\",\"target\":[\"https:\/\/mydelight.be\/index.php\/menu-traiteur\/\"]}]},{\"@type\":\"ImageObject\",\"inLanguage\":\"fr-FR\",\"@id\":\"https:\/\/mydelight.be\/index.php\/menu-traiteur\/#primaryimage\",\"url\":\"https:\/\/mydelight.be\/wp-content\/uploads\/2024\/10\/706f3f9e-5f8a-41d7-a4f4-077e97a3acb8.jpg\",\"contentUrl\":\"https:\/\/mydelight.be\/wp-content\/uploads\/2024\/10\/706f3f9e-5f8a-41d7-a4f4-077e97a3acb8.jpg\",\"width\":1080,\"height\":1440},{\"@type\":\"BreadcrumbList\",\"@id\":\"https:\/\/mydelight.be\/index.php\/menu-traiteur\/#breadcrumb\",\"itemListElement\":[{\"@type\":\"ListItem\",\"position\":1,\"name\":\"Accueil\",\"item\":\"https:\/\/mydelight.be\/\"},{\"@type\":\"ListItem\",\"position\":2,\"name\":\"Menu Traiteur\"}]},{\"@type\":\"WebSite\",\"@id\":\"https:\/\/mydelight.be\/#website\",\"url\":\"https:\/\/mydelight.be\/\",\"name\":\"MyDelight\",\"description\":\"\",\"publisher\":{\"@id\":\"https:\/\/mydelight.be\/#organization\"},\"potentialAction\":[{\"@type\":\"SearchAction\",\"target\":{\"@type\":\"EntryPoint\",\"urlTemplate\":\"https:\/\/mydelight.be\/?s={search_term_string}\"},\"query-input\":{\"@type\":\"PropertyValueSpecification\",\"valueRequired\":true,\"valueName\":\"search_term_string\"}}],\"inLanguage\":\"fr-FR\"},{\"@type\":\"Organization\",\"@id\":\"https:\/\/mydelight.be\/#organization\",\"name\":\"MyDelight\",\"url\":\"https:\/\/mydelight.be\/\",\"logo\":{\"@type\":\"ImageObject\",\"inLanguage\":\"fr-FR\",\"@id\":\"https:\/\/mydelight.be\/#\/schema\/logo\/image\/\",\"url\":\"https:\/\/mydelight.be\/wp-content\/uploads\/2024\/10\/cropped-f0d6115b-e54f-4c35-867c-30eba453fe00-removebg-preview.png\",\"contentUrl\":\"https:\/\/mydelight.be\/wp-content\/uploads\/2024\/10\/cropped-f0d6115b-e54f-4c35-867c-30eba453fe00-removebg-preview.png\",\"width\":500,\"height\":500,\"caption\":\"MyDelight\"},\"image\":{\"@id\":\"https:\/\/mydelight.be\/#\/schema\/logo\/image\/\"}}]}<\/script>\n<!-- \/ Yoast SEO plugin. -->","yoast_head_json":{"title":"Menu Traiteur - MyDelight","robots":{"index":"index","follow":"follow","max-snippet":"max-snippet:-1","max-image-preview":"max-image-preview:large","max-video-preview":"max-video-preview:-1"},"canonical":"https:\/\/mydelight.be\/index.php\/menu-traiteur\/","og_locale":"fr_FR","og_type":"article","og_title":"Menu Traiteur - MyDelight","og_description":"Les Ovations de Clara Les Ovations de Clara apportent une [&hellip;]","og_url":"https:\/\/mydelight.be\/index.php\/menu-traiteur\/","og_site_name":"MyDelight","article_modified_time":"2024-11-04T14:41:02+00:00","og_image":[{"url":"https:\/\/mydelight.be\/wp-content\/uploads\/2024\/10\/706f3f9e-5f8a-41d7-a4f4-077e97a3acb8-768x1024.jpg","type":"","width":"","height":""}],"twitter_card":"summary_large_image","twitter_misc":{"Dur\u00e9e de lecture estim\u00e9e":"1 minute"},"schema":{"@context":"https:\/\/schema.org","@graph":[{"@type":"WebPage","@id":"https:\/\/mydelight.be\/index.php\/menu-traiteur\/","url":"https:\/\/mydelight.be\/index.php\/menu-traiteur\/","name":"Menu Traiteur - MyDelight","isPartOf":{"@id":"https:\/\/mydelight.be\/#website"},"primaryImageOfPage":{"@id":"https:\/\/mydelight.be\/index.php\/menu-traiteur\/#primaryimage"},"image":{"@id":"https:\/\/mydelight.be\/index.php\/menu-traiteur\/#primaryimage"},"thumbnailUrl":"https:\/\/mydelight.be\/wp-content\/uploads\/2024\/10\/706f3f9e-5f8a-41d7-a4f4-077e97a3acb8-768x1024.jpg","datePublished":"2024-10-29T12:21:38+00:00","dateModified":"2024-11-04T14:41:02+00:00","breadcrumb":{"@id":"https:\/\/mydelight.be\/index.php\/menu-traiteur\/#breadcrumb"},"inLanguage":"fr-FR","potentialAction":[{"@type":"ReadAction","target":["https:\/\/mydelight.be\/index.php\/menu-traiteur\/"]}]},{"@type":"ImageObject","inLanguage":"fr-FR","@id":"https:\/\/mydelight.be\/index.php\/menu-traiteur\/#primaryimage","url":"https:\/\/mydelight.be\/wp-content\/uploads\/2024\/10\/706f3f9e-5f8a-41d7-a4f4-077e97a3acb8.jpg","contentUrl":"https:\/\/mydelight.be\/wp-content\/uploads\/2024\/10\/706f3f9e-5f8a-41d7-a4f4-077e97a3acb8.jpg","width":1080,"height":1440},{"@type":"BreadcrumbList","@id":"https:\/\/mydelight.be\/index.php\/menu-traiteur\/#breadcrumb","itemListElement":[{"@type":"ListItem","position":1,"name":"Accueil","item":"https:\/\/mydelight.be\/"},{"@type":"ListItem","position":2,"name":"Menu Traiteur"}]},{"@type":"WebSite","@id":"https:\/\/mydelight.be\/#website","url":"https:\/\/mydelight.be\/","name":"MyDelight","description":"","publisher":{"@id":"https:\/\/mydelight.be\/#organization"},"potentialAction":[{"@type":"SearchAction","target":{"@type":"EntryPoint","urlTemplate":"https:\/\/mydelight.be\/?s={search_term_string}"},"query-input":{"@type":"PropertyValueSpecification","valueRequired":true,"valueName":"search_term_string"}}],"inLanguage":"fr-FR"},{"@type":"Organization","@id":"https:\/\/mydelight.be\/#organization","name":"MyDelight","url":"https:\/\/mydelight.be\/","logo":{"@type":"ImageObject","inLanguage":"fr-FR","@id":"https:\/\/mydelight.be\/#\/schema\/logo\/image\/","url":"https:\/\/mydelight.be\/wp-content\/uploads\/2024\/10\/cropped-f0d6115b-e54f-4c35-867c-30eba453fe00-removebg-preview.png","contentUrl":"https:\/\/mydelight.be\/wp-content\/uploads\/2024\/10\/cropped-f0d6115b-e54f-4c35-867c-30eba453fe00-removebg-preview.png","width":500,"height":500,"caption":"MyDelight"},"image":{"@id":"https:\/\/mydelight.be\/#\/schema\/logo\/image\/"}}]}},"_links":{"self":[{"href":"https:\/\/mydelight.be\/index.php\/wp-json\/wp\/v2\/pages\/31","targetHints":{"allow":["GET"]}}],"collection":[{"href":"https:\/\/mydelight.be\/index.php\/wp-json\/wp\/v2\/pages"}],"about":[{"href":"https:\/\/mydelight.be\/index.php\/wp-json\/wp\/v2\/types\/page"}],"author":[{"embeddable":true,"href":"https:\/\/mydelight.be\/index.php\/wp-json\/wp\/v2\/users\/1"}],"replies":[{"embeddable":true,"href":"https:\/\/mydelight.be\/index.php\/wp-json\/wp\/v2\/comments?post=31"}],"version-history":[{"count":3,"href":"https:\/\/mydelight.be\/index.php\/wp-json\/wp\/v2\/pages\/31\/revisions"}],"predecessor-version":[{"id":96,"href":"https:\/\/mydelight.be\/index.php\/wp-json\/wp\/v2\/pages\/31\/revisions\/96"}],"wp:attachment":[{"href":"https:\/\/mydelight.be\/index.php\/wp-json\/wp\/v2\/media?parent=31"}],"curies":[{"name":"wp","href":"https:\/\/api.w.org\/{rel}","templated":true}]}}