{"id":27,"date":"2024-10-29T13:21:08","date_gmt":"2024-10-29T12:21:08","guid":{"rendered":"https:\/\/mydelight.be\/?page_id=27"},"modified":"2024-11-04T15:40:14","modified_gmt":"2024-11-04T14:40:14","slug":"menu-receptions","status":"publish","type":"page","link":"https:\/\/mydelight.be\/index.php\/menu-receptions\/","title":{"rendered":"Menu R\u00e9ceptions"},"content":{"rendered":"\n<div class=\"wp-block-cover aligncenter has-parallax\"><span aria-hidden=\"true\" class=\"wp-block-cover__background has-background-dim\"><\/span><div class=\"wp-block-cover__image-background wp-image-54 has-parallax\" style=\"background-position:50% 50%;background-image:url(http:\/\/mydelight.be\/wp-content\/uploads\/2024\/10\/cbd03669-f4fc-4d9c-8890-ee353935cffc-913x1024.jpg)\"><\/div><div class=\"wp-block-cover__inner-container is-layout-flow wp-block-cover-is-layout-flow\">\n<p class=\"has-text-align-center has-large-font-size\">Amuses bouches<\/p>\n<\/div><\/div>\n\n\n\n<p class=\"has-large-font-size\"><strong>Bouch\u00e9es Nachos<\/strong><\/p>\n\n\n\n<div class=\"wp-block-group is-nowrap is-layout-flex wp-container-core-group-is-layout-ad2f72ca wp-block-group-is-layout-flex\">\n<figure class=\"wp-block-image size-large is-resized is-style-default\"><img loading=\"lazy\" decoding=\"async\" width=\"1024\" height=\"670\" src=\"http:\/\/mydelight.be\/wp-content\/uploads\/2024\/10\/491946a1-8937-4699-aa26-96d4337da1fa-e1730373224293-1024x670.jpg\" alt=\"\" class=\"wp-image-53\" style=\"width:474px;height:auto\" srcset=\"https:\/\/mydelight.be\/wp-content\/uploads\/2024\/10\/491946a1-8937-4699-aa26-96d4337da1fa-e1730373224293-1024x670.jpg 1024w, https:\/\/mydelight.be\/wp-content\/uploads\/2024\/10\/491946a1-8937-4699-aa26-96d4337da1fa-e1730373224293-300x196.jpg 300w, https:\/\/mydelight.be\/wp-content\/uploads\/2024\/10\/491946a1-8937-4699-aa26-96d4337da1fa-e1730373224293-768x502.jpg 768w, https:\/\/mydelight.be\/wp-content\/uploads\/2024\/10\/491946a1-8937-4699-aa26-96d4337da1fa-e1730373224293-1536x1004.jpg 1536w, https:\/\/mydelight.be\/wp-content\/uploads\/2024\/10\/491946a1-8937-4699-aa26-96d4337da1fa-e1730373224293.jpg 2048w\" sizes=\"auto, (max-width: 1024px) 100vw, 1024px\" \/><\/figure>\n<\/div>\n\n\n\n<p class=\"has-medium-font-size\">une harmonie de saveurs et textures qui \u00e9veillera vos papilles ! Ce petit chef-d&rsquo;\u0153uvre rassemble le croquant d\u2019un nacho dor\u00e9, le go\u00fbt intense du salami, la douceur sucr\u00e9e du raisin, le parfum m\u00e9diterran\u00e9en d\u2019une olive, et une touche croustillante avec le biscuit. Un \u00e9quilibre parfait pour un ap\u00e9ritif l\u00e9ger, mais irr\u00e9sistible. Cette bouch\u00e9e unique se savoure d\u2019un trait et ajoute une note originale \u00e0 vos r\u00e9ceptions. Testez la magie en une seule bouch\u00e9e \u2013 vos invit\u00e9s en redemanderont !<\/p>\n\n\n\n<p class=\"has-text-align-right has-large-font-size\"><strong>La Farandole Croquante<\/strong><\/p>\n\n\n<div class=\"wp-block-image\">\n<figure class=\"alignright size-large is-resized\"><img loading=\"lazy\" decoding=\"async\" width=\"1024\" height=\"499\" src=\"http:\/\/mydelight.be\/wp-content\/uploads\/2024\/10\/733d27f4-939b-498a-85e0-7091cd6405c6-1024x499.jpg\" alt=\"\" class=\"wp-image-52\" style=\"aspect-ratio:1.7777777777777777;object-fit:cover;width:599px;height:auto\" srcset=\"https:\/\/mydelight.be\/wp-content\/uploads\/2024\/10\/733d27f4-939b-498a-85e0-7091cd6405c6-1024x499.jpg 1024w, https:\/\/mydelight.be\/wp-content\/uploads\/2024\/10\/733d27f4-939b-498a-85e0-7091cd6405c6-300x146.jpg 300w, https:\/\/mydelight.be\/wp-content\/uploads\/2024\/10\/733d27f4-939b-498a-85e0-7091cd6405c6-768x374.jpg 768w, https:\/\/mydelight.be\/wp-content\/uploads\/2024\/10\/733d27f4-939b-498a-85e0-7091cd6405c6-1536x749.jpg 1536w, https:\/\/mydelight.be\/wp-content\/uploads\/2024\/10\/733d27f4-939b-498a-85e0-7091cd6405c6.jpg 1600w\" sizes=\"auto, (max-width: 1024px) 100vw, 1024px\" \/><\/figure>\n<\/div>\n\n\n<p>La <em>Farandole Croquante<\/em> est un v\u00e9ritable festival de saveurs et de textures ! Autour d\u2019un verre color\u00e9 et rafra\u00eechissant, rempli de l\u00e9gumes crus croustillants dans une sauce secr\u00e8te, d\u00e9couvrez une ronde de toasts raffin\u00e9s d\u00e9cor\u00e9s d&rsquo;une savoureuse tomate s\u00e9ch\u00e9e. Ce plateau \u00e9l\u00e9gant et festif est id\u00e9al pour des bouch\u00e9es l\u00e9g\u00e8res, \u00e9quilibrant fra\u00eecheur et gourmandise, pour ravir tous les palais.<\/p>\n\n\n\n<p class=\"has-text-align-center has-large-font-size\"><strong>Les \u00e9clats de Clara<\/strong><\/p>\n\n\n<div class=\"wp-block-image\">\n<figure class=\"aligncenter size-large is-resized\"><img loading=\"lazy\" decoding=\"async\" width=\"1024\" height=\"1024\" src=\"http:\/\/mydelight.be\/wp-content\/uploads\/2024\/10\/5d220a20-fcf3-4a52-98ee-e74d7019f6e0-1024x1024.jpg\" alt=\"\" class=\"wp-image-51\" style=\"width:525px;height:auto\" srcset=\"https:\/\/mydelight.be\/wp-content\/uploads\/2024\/10\/5d220a20-fcf3-4a52-98ee-e74d7019f6e0-1024x1024.jpg 1024w, https:\/\/mydelight.be\/wp-content\/uploads\/2024\/10\/5d220a20-fcf3-4a52-98ee-e74d7019f6e0-300x300.jpg 300w, https:\/\/mydelight.be\/wp-content\/uploads\/2024\/10\/5d220a20-fcf3-4a52-98ee-e74d7019f6e0-150x150.jpg 150w, https:\/\/mydelight.be\/wp-content\/uploads\/2024\/10\/5d220a20-fcf3-4a52-98ee-e74d7019f6e0-768x768.jpg 768w, https:\/\/mydelight.be\/wp-content\/uploads\/2024\/10\/5d220a20-fcf3-4a52-98ee-e74d7019f6e0-1536x1536.jpg 1536w, https:\/\/mydelight.be\/wp-content\/uploads\/2024\/10\/5d220a20-fcf3-4a52-98ee-e74d7019f6e0.jpg 2048w\" sizes=\"auto, (max-width: 1024px) 100vw, 1024px\" \/><\/figure>\n<\/div>\n\n\n<p>d\u00e9couvrez un art de la bouch\u00e9e, o\u00f9 chaque petit sandwich est une exp\u00e9rience de saveur et de textures. Clara, experte des petits plaisirs gourmands, a perfectionn\u00e9 ses cr\u00e9ations avec un savoir-faire unique : des pains artisanaux orn\u00e9s de graines de pavot et de c\u00e9r\u00e9ales, dor\u00e9s \u00e0 la perfection pour une texture croustillante et un parfum envo\u00fbtant. Chaque sandwich est \u00e9l\u00e9gamment piqu\u00e9 et d\u00e9cor\u00e9 d\u2019une touche fra\u00eecheur. Ces bouch\u00e9es raffin\u00e9es et aromatiques \u00e9veillent vos sens d\u00e8s le premier croquant, r\u00e9v\u00e9lant l\u2019excellence et la passion de Clara dans chaque d\u00e9tail.<\/p>\n\n\n\n<div class=\"wp-block-buttons is-content-justification-center is-layout-flex wp-container-core-buttons-is-layout-16018d1d wp-block-buttons-is-layout-flex\">\n<div class=\"wp-block-button is-style-fill\"><a class=\"wp-block-button__link has-black-color has-luminous-vivid-amber-background-color has-text-color has-background has-link-color wp-element-button\" href=\"tel:+32485753881\">Nous contacter<\/a><\/div>\n<\/div>\n\n\n\n<p><\/p>\n","protected":false},"excerpt":{"rendered":"<p>Bouch\u00e9es Nachos une harmonie de saveurs et textures qui \u00e9veillera [&hellip;]<\/p>\n","protected":false},"author":1,"featured_media":0,"parent":0,"menu_order":0,"comment_status":"closed","ping_status":"closed","template":"","meta":{"footnotes":""},"class_list":["post-27","page","type-page","status-publish","hentry"],"yoast_head":"<!-- This site is optimized with the Yoast SEO plugin v24.0 - https:\/\/yoast.com\/wordpress\/plugins\/seo\/ -->\n<title>Menu R\u00e9ceptions - MyDelight<\/title>\n<meta name=\"robots\" content=\"index, follow, max-snippet:-1, max-image-preview:large, max-video-preview:-1\" \/>\n<link rel=\"canonical\" href=\"https:\/\/mydelight.be\/index.php\/menu-receptions\/\" \/>\n<meta property=\"og:locale\" content=\"fr_FR\" \/>\n<meta property=\"og:type\" content=\"article\" \/>\n<meta property=\"og:title\" content=\"Menu R\u00e9ceptions - MyDelight\" \/>\n<meta property=\"og:description\" content=\"Bouch\u00e9es Nachos une harmonie de saveurs et textures qui \u00e9veillera [&hellip;]\" \/>\n<meta property=\"og:url\" content=\"https:\/\/mydelight.be\/index.php\/menu-receptions\/\" \/>\n<meta property=\"og:site_name\" content=\"MyDelight\" \/>\n<meta property=\"article:modified_time\" content=\"2024-11-04T14:40:14+00:00\" \/>\n<meta property=\"og:image\" content=\"http:\/\/mydelight.be\/wp-content\/uploads\/2024\/10\/491946a1-8937-4699-aa26-96d4337da1fa-e1730373224293-1024x670.jpg\" \/>\n<meta name=\"twitter:card\" content=\"summary_large_image\" \/>\n<meta name=\"twitter:label1\" content=\"Dur\u00e9e de lecture estim\u00e9e\" \/>\n\t<meta name=\"twitter:data1\" content=\"1 minute\" \/>\n<script type=\"application\/ld+json\" class=\"yoast-schema-graph\">{\"@context\":\"https:\/\/schema.org\",\"@graph\":[{\"@type\":\"WebPage\",\"@id\":\"https:\/\/mydelight.be\/index.php\/menu-receptions\/\",\"url\":\"https:\/\/mydelight.be\/index.php\/menu-receptions\/\",\"name\":\"Menu R\u00e9ceptions - MyDelight\",\"isPartOf\":{\"@id\":\"https:\/\/mydelight.be\/#website\"},\"primaryImageOfPage\":{\"@id\":\"https:\/\/mydelight.be\/index.php\/menu-receptions\/#primaryimage\"},\"image\":{\"@id\":\"https:\/\/mydelight.be\/index.php\/menu-receptions\/#primaryimage\"},\"thumbnailUrl\":\"http:\/\/mydelight.be\/wp-content\/uploads\/2024\/10\/491946a1-8937-4699-aa26-96d4337da1fa-e1730373224293-1024x670.jpg\",\"datePublished\":\"2024-10-29T12:21:08+00:00\",\"dateModified\":\"2024-11-04T14:40:14+00:00\",\"breadcrumb\":{\"@id\":\"https:\/\/mydelight.be\/index.php\/menu-receptions\/#breadcrumb\"},\"inLanguage\":\"fr-FR\",\"potentialAction\":[{\"@type\":\"ReadAction\",\"target\":[\"https:\/\/mydelight.be\/index.php\/menu-receptions\/\"]}]},{\"@type\":\"ImageObject\",\"inLanguage\":\"fr-FR\",\"@id\":\"https:\/\/mydelight.be\/index.php\/menu-receptions\/#primaryimage\",\"url\":\"https:\/\/mydelight.be\/wp-content\/uploads\/2024\/10\/491946a1-8937-4699-aa26-96d4337da1fa-e1730373224293.jpg\",\"contentUrl\":\"https:\/\/mydelight.be\/wp-content\/uploads\/2024\/10\/491946a1-8937-4699-aa26-96d4337da1fa-e1730373224293.jpg\",\"width\":2048,\"height\":1339},{\"@type\":\"BreadcrumbList\",\"@id\":\"https:\/\/mydelight.be\/index.php\/menu-receptions\/#breadcrumb\",\"itemListElement\":[{\"@type\":\"ListItem\",\"position\":1,\"name\":\"Accueil\",\"item\":\"https:\/\/mydelight.be\/\"},{\"@type\":\"ListItem\",\"position\":2,\"name\":\"Menu R\u00e9ceptions\"}]},{\"@type\":\"WebSite\",\"@id\":\"https:\/\/mydelight.be\/#website\",\"url\":\"https:\/\/mydelight.be\/\",\"name\":\"MyDelight\",\"description\":\"\",\"publisher\":{\"@id\":\"https:\/\/mydelight.be\/#organization\"},\"potentialAction\":[{\"@type\":\"SearchAction\",\"target\":{\"@type\":\"EntryPoint\",\"urlTemplate\":\"https:\/\/mydelight.be\/?s={search_term_string}\"},\"query-input\":{\"@type\":\"PropertyValueSpecification\",\"valueRequired\":true,\"valueName\":\"search_term_string\"}}],\"inLanguage\":\"fr-FR\"},{\"@type\":\"Organization\",\"@id\":\"https:\/\/mydelight.be\/#organization\",\"name\":\"MyDelight\",\"url\":\"https:\/\/mydelight.be\/\",\"logo\":{\"@type\":\"ImageObject\",\"inLanguage\":\"fr-FR\",\"@id\":\"https:\/\/mydelight.be\/#\/schema\/logo\/image\/\",\"url\":\"https:\/\/mydelight.be\/wp-content\/uploads\/2024\/10\/cropped-f0d6115b-e54f-4c35-867c-30eba453fe00-removebg-preview.png\",\"contentUrl\":\"https:\/\/mydelight.be\/wp-content\/uploads\/2024\/10\/cropped-f0d6115b-e54f-4c35-867c-30eba453fe00-removebg-preview.png\",\"width\":500,\"height\":500,\"caption\":\"MyDelight\"},\"image\":{\"@id\":\"https:\/\/mydelight.be\/#\/schema\/logo\/image\/\"}}]}<\/script>\n<!-- \/ Yoast SEO plugin. -->","yoast_head_json":{"title":"Menu R\u00e9ceptions - MyDelight","robots":{"index":"index","follow":"follow","max-snippet":"max-snippet:-1","max-image-preview":"max-image-preview:large","max-video-preview":"max-video-preview:-1"},"canonical":"https:\/\/mydelight.be\/index.php\/menu-receptions\/","og_locale":"fr_FR","og_type":"article","og_title":"Menu R\u00e9ceptions - MyDelight","og_description":"Bouch\u00e9es Nachos une harmonie de saveurs et textures qui \u00e9veillera [&hellip;]","og_url":"https:\/\/mydelight.be\/index.php\/menu-receptions\/","og_site_name":"MyDelight","article_modified_time":"2024-11-04T14:40:14+00:00","og_image":[{"url":"http:\/\/mydelight.be\/wp-content\/uploads\/2024\/10\/491946a1-8937-4699-aa26-96d4337da1fa-e1730373224293-1024x670.jpg","type":"","width":"","height":""}],"twitter_card":"summary_large_image","twitter_misc":{"Dur\u00e9e de lecture estim\u00e9e":"1 minute"},"schema":{"@context":"https:\/\/schema.org","@graph":[{"@type":"WebPage","@id":"https:\/\/mydelight.be\/index.php\/menu-receptions\/","url":"https:\/\/mydelight.be\/index.php\/menu-receptions\/","name":"Menu R\u00e9ceptions - MyDelight","isPartOf":{"@id":"https:\/\/mydelight.be\/#website"},"primaryImageOfPage":{"@id":"https:\/\/mydelight.be\/index.php\/menu-receptions\/#primaryimage"},"image":{"@id":"https:\/\/mydelight.be\/index.php\/menu-receptions\/#primaryimage"},"thumbnailUrl":"http:\/\/mydelight.be\/wp-content\/uploads\/2024\/10\/491946a1-8937-4699-aa26-96d4337da1fa-e1730373224293-1024x670.jpg","datePublished":"2024-10-29T12:21:08+00:00","dateModified":"2024-11-04T14:40:14+00:00","breadcrumb":{"@id":"https:\/\/mydelight.be\/index.php\/menu-receptions\/#breadcrumb"},"inLanguage":"fr-FR","potentialAction":[{"@type":"ReadAction","target":["https:\/\/mydelight.be\/index.php\/menu-receptions\/"]}]},{"@type":"ImageObject","inLanguage":"fr-FR","@id":"https:\/\/mydelight.be\/index.php\/menu-receptions\/#primaryimage","url":"https:\/\/mydelight.be\/wp-content\/uploads\/2024\/10\/491946a1-8937-4699-aa26-96d4337da1fa-e1730373224293.jpg","contentUrl":"https:\/\/mydelight.be\/wp-content\/uploads\/2024\/10\/491946a1-8937-4699-aa26-96d4337da1fa-e1730373224293.jpg","width":2048,"height":1339},{"@type":"BreadcrumbList","@id":"https:\/\/mydelight.be\/index.php\/menu-receptions\/#breadcrumb","itemListElement":[{"@type":"ListItem","position":1,"name":"Accueil","item":"https:\/\/mydelight.be\/"},{"@type":"ListItem","position":2,"name":"Menu R\u00e9ceptions"}]},{"@type":"WebSite","@id":"https:\/\/mydelight.be\/#website","url":"https:\/\/mydelight.be\/","name":"MyDelight","description":"","publisher":{"@id":"https:\/\/mydelight.be\/#organization"},"potentialAction":[{"@type":"SearchAction","target":{"@type":"EntryPoint","urlTemplate":"https:\/\/mydelight.be\/?s={search_term_string}"},"query-input":{"@type":"PropertyValueSpecification","valueRequired":true,"valueName":"search_term_string"}}],"inLanguage":"fr-FR"},{"@type":"Organization","@id":"https:\/\/mydelight.be\/#organization","name":"MyDelight","url":"https:\/\/mydelight.be\/","logo":{"@type":"ImageObject","inLanguage":"fr-FR","@id":"https:\/\/mydelight.be\/#\/schema\/logo\/image\/","url":"https:\/\/mydelight.be\/wp-content\/uploads\/2024\/10\/cropped-f0d6115b-e54f-4c35-867c-30eba453fe00-removebg-preview.png","contentUrl":"https:\/\/mydelight.be\/wp-content\/uploads\/2024\/10\/cropped-f0d6115b-e54f-4c35-867c-30eba453fe00-removebg-preview.png","width":500,"height":500,"caption":"MyDelight"},"image":{"@id":"https:\/\/mydelight.be\/#\/schema\/logo\/image\/"}}]}},"_links":{"self":[{"href":"https:\/\/mydelight.be\/index.php\/wp-json\/wp\/v2\/pages\/27","targetHints":{"allow":["GET"]}}],"collection":[{"href":"https:\/\/mydelight.be\/index.php\/wp-json\/wp\/v2\/pages"}],"about":[{"href":"https:\/\/mydelight.be\/index.php\/wp-json\/wp\/v2\/types\/page"}],"author":[{"embeddable":true,"href":"https:\/\/mydelight.be\/index.php\/wp-json\/wp\/v2\/users\/1"}],"replies":[{"embeddable":true,"href":"https:\/\/mydelight.be\/index.php\/wp-json\/wp\/v2\/comments?post=27"}],"version-history":[{"count":5,"href":"https:\/\/mydelight.be\/index.php\/wp-json\/wp\/v2\/pages\/27\/revisions"}],"predecessor-version":[{"id":94,"href":"https:\/\/mydelight.be\/index.php\/wp-json\/wp\/v2\/pages\/27\/revisions\/94"}],"wp:attachment":[{"href":"https:\/\/mydelight.be\/index.php\/wp-json\/wp\/v2\/media?parent=27"}],"curies":[{"name":"wp","href":"https:\/\/api.w.org\/{rel}","templated":true}]}}