{"id":119,"date":"2025-01-20T13:03:00","date_gmt":"2025-01-20T12:03:00","guid":{"rendered":"https:\/\/mydelight.be\/?page_id=119"},"modified":"2025-01-20T14:57:02","modified_gmt":"2025-01-20T13:57:02","slug":"menu-soupes","status":"publish","type":"page","link":"https:\/\/mydelight.be\/index.php\/menu-soupes\/","title":{"rendered":"Menu Soupes"},"content":{"rendered":"\n<div class=\"wp-block-cover\" style=\"min-height:430px;aspect-ratio:unset;\"><span aria-hidden=\"true\" class=\"wp-block-cover__background has-background-dim\"><\/span><img loading=\"lazy\" decoding=\"async\" width=\"1024\" height=\"768\" class=\"wp-block-cover__image-background wp-image-115\" alt=\"\" src=\"http:\/\/mydelight.be\/wp-content\/uploads\/2025\/01\/WhatsApp-Image-2025-01-19-at-12.01.42-e1737374265193-1024x768.jpeg\" data-object-fit=\"cover\" srcset=\"https:\/\/mydelight.be\/wp-content\/uploads\/2025\/01\/WhatsApp-Image-2025-01-19-at-12.01.42-e1737374265193-1024x768.jpeg 1024w, https:\/\/mydelight.be\/wp-content\/uploads\/2025\/01\/WhatsApp-Image-2025-01-19-at-12.01.42-e1737374265193-300x225.jpeg 300w, https:\/\/mydelight.be\/wp-content\/uploads\/2025\/01\/WhatsApp-Image-2025-01-19-at-12.01.42-e1737374265193-768x576.jpeg 768w, https:\/\/mydelight.be\/wp-content\/uploads\/2025\/01\/WhatsApp-Image-2025-01-19-at-12.01.42-e1737374265193.jpeg 1373w\" sizes=\"auto, (max-width: 1024px) 100vw, 1024px\" \/><div class=\"wp-block-cover__inner-container is-layout-flow wp-block-cover-is-layout-flow\">\n<h1 class=\"wp-block-heading has-text-align-center has-large-font-size\">Menu Soupe<\/h1>\n<\/div><\/div>\n\n\n\n<h2 class=\"wp-block-heading has-text-align-center\">Un Voyage \u00e0 Chaque Cuill\u00e8re : L&rsquo;Art de la Soupe selon Clara<\/h2>\n\n\n\n<blockquote class=\"wp-block-quote alignwide has-text-align-center is-layout-flow wp-block-quote-is-layout-flow\">\n<p>Pour moi, la soupe n\u2019est pas simplement un plat. <\/p>\n\n\n\n<p>C\u2019est une v\u00e9ritable d\u00e9claration d\u2019amour \u00e0 la cr\u00e9ativit\u00e9 culinaire, une invitation \u00e0 red\u00e9couvrir un classique sous un jour nouveau. Je ne me contente pas de m\u00e9langer des ingr\u00e9dients ; je compose des symphonies de saveurs, o\u00f9 chaque note r\u00e9sonne en harmonie parfaite.<\/p>\n<\/blockquote>\n\n\n\n<div class=\"wp-block-media-text alignwide is-stacked-on-mobile is-vertically-aligned-center\"><figure class=\"wp-block-media-text__media\"><img loading=\"lazy\" decoding=\"async\" width=\"1024\" height=\"768\" src=\"http:\/\/mydelight.be\/wp-content\/uploads\/2025\/01\/WhatsApp-Image-2025-01-19-at-12.01.42-e1737374265193-1024x768.jpeg\" alt=\"\" class=\"wp-image-115 size-full\" srcset=\"https:\/\/mydelight.be\/wp-content\/uploads\/2025\/01\/WhatsApp-Image-2025-01-19-at-12.01.42-e1737374265193-1024x768.jpeg 1024w, https:\/\/mydelight.be\/wp-content\/uploads\/2025\/01\/WhatsApp-Image-2025-01-19-at-12.01.42-e1737374265193-300x225.jpeg 300w, https:\/\/mydelight.be\/wp-content\/uploads\/2025\/01\/WhatsApp-Image-2025-01-19-at-12.01.42-e1737374265193-768x576.jpeg 768w, https:\/\/mydelight.be\/wp-content\/uploads\/2025\/01\/WhatsApp-Image-2025-01-19-at-12.01.42-e1737374265193.jpeg 1373w\" sizes=\"auto, (max-width: 1024px) 100vw, 1024px\" \/><\/figure><div class=\"wp-block-media-text__content\">\n<p>La derni\u00e8re cr\u00e9ation de Clara : <strong><em>Le Chalet des Mers<\/em><\/strong><\/p>\n\n\n\n<blockquote class=\"wp-block-quote is-layout-flow wp-block-quote-is-layout-flow\">\n<p class=\"has-text-align-center\">Imaginez-vous dans un chalet chaleureux, entour\u00e9 par la douceur des flocons, et d\u00e9gustant un bol fumant d\u2019une soupe unique. \u00ab\u00a0Le Chalet des Mers\u00a0\u00bb marie avec audace la rusticit\u00e9 r\u00e9confortante des saveurs alpines \u00e0 l\u2019\u00e9l\u00e9gance des scampis, ces joyaux de la mer.<\/p>\n<\/blockquote>\n\n\n\n<p class=\"has-text-align-right\">Chaque cuill\u00e8re vous transporte dans un voyage sensoriel o\u00f9 le fondant des l\u00e9gumes mijot\u00e9s rencontre la tendresse des scampis d\u00e9licatement parfum\u00e9s. Rehauss\u00e9e par une touche subtile d\u2019herbes aromatiques et d\u2019\u00e9pices savamment dos\u00e9es, cette soupe est bien plus qu\u2019un plat : c\u2019est une \u00e9vasion culinaire, une exp\u00e9rience qui \u00e9voque la s\u00e9r\u00e9nit\u00e9 des montagnes et le souffle vivifiant des embruns marins.<\/p>\n<\/div><\/div>\n\n\n\n<div class=\"wp-block-cover\" style=\"min-height:479px;aspect-ratio:unset;\"><span aria-hidden=\"true\" class=\"wp-block-cover__background has-background-dim\"><\/span><img loading=\"lazy\" decoding=\"async\" width=\"1024\" height=\"768\" class=\"wp-block-cover__image-background wp-image-43\" alt=\"\" src=\"http:\/\/mydelight.be\/wp-content\/uploads\/2024\/10\/2d96240b-cce5-49ef-abca-273fa083c6e6-1024x768.jpg\" data-object-fit=\"cover\" srcset=\"https:\/\/mydelight.be\/wp-content\/uploads\/2024\/10\/2d96240b-cce5-49ef-abca-273fa083c6e6-1024x768.jpg 1024w, https:\/\/mydelight.be\/wp-content\/uploads\/2024\/10\/2d96240b-cce5-49ef-abca-273fa083c6e6-300x225.jpg 300w, https:\/\/mydelight.be\/wp-content\/uploads\/2024\/10\/2d96240b-cce5-49ef-abca-273fa083c6e6-768x576.jpg 768w, https:\/\/mydelight.be\/wp-content\/uploads\/2024\/10\/2d96240b-cce5-49ef-abca-273fa083c6e6-1536x1152.jpg 1536w, https:\/\/mydelight.be\/wp-content\/uploads\/2024\/10\/2d96240b-cce5-49ef-abca-273fa083c6e6.jpg 2040w\" sizes=\"auto, (max-width: 1024px) 100vw, 1024px\" \/><div class=\"wp-block-cover__inner-container is-layout-flow wp-block-cover-is-layout-flow\">\n<h2 class=\"wp-block-heading has-text-align-center has-large-font-size\">Soupes du monde 3\u20ac<\/h2>\n<\/div><\/div>\n\n\n\n<p><\/p>\n\n\n\n<div class=\"wp-block-media-text is-stacked-on-mobile\"><figure class=\"wp-block-media-text__media\"><img loading=\"lazy\" decoding=\"async\" width=\"597\" height=\"1024\" src=\"http:\/\/mydelight.be\/wp-content\/uploads\/2024\/10\/cad7a746-3af0-4332-8ff0-11594a2fcdef-597x1024.jpg\" alt=\"\" class=\"wp-image-42 size-full\" srcset=\"https:\/\/mydelight.be\/wp-content\/uploads\/2024\/10\/cad7a746-3af0-4332-8ff0-11594a2fcdef-597x1024.jpg 597w, https:\/\/mydelight.be\/wp-content\/uploads\/2024\/10\/cad7a746-3af0-4332-8ff0-11594a2fcdef-175x300.jpg 175w, https:\/\/mydelight.be\/wp-content\/uploads\/2024\/10\/cad7a746-3af0-4332-8ff0-11594a2fcdef-768x1318.jpg 768w, https:\/\/mydelight.be\/wp-content\/uploads\/2024\/10\/cad7a746-3af0-4332-8ff0-11594a2fcdef-895x1536.jpg 895w, https:\/\/mydelight.be\/wp-content\/uploads\/2024\/10\/cad7a746-3af0-4332-8ff0-11594a2fcdef.jpg 1189w\" sizes=\"auto, (max-width: 597px) 100vw, 597px\" \/><\/figure><div class=\"wp-block-media-text__content\">\n<p>Soupe au petit<br>Cr\u00e8me de volaille<br>Waterzooi poulet<br>petits pois<br>Soupe de C\u00e9leri-rave lait de coco<br>Soupe de Potiron au lait de coco<br>Soupe Tha\u00ef<br>Soupe de tomates cr\u00e8me<br>Soupe de chou-fleur \u00e0 la cr\u00e8me<br>Soupe de tomates<br>Soupe de champignons \u00e0 la cr\u00e8me<br>Soupe de brocoli courgettes<br>Soupe de poireaux<br>Soupe minestrone<br>Soupe carottes au curry<br>Soupe My Delight<br>Bouillon de l\u00e9gumes poulet<br>Bouillon de lentilles et l\u00e9gumes<\/p>\n\n\n\n<p>Tout bol de soupe \u00e0 3\u20ac<br>8\u20ac \/ Litre pour toutes commandes en gros<\/p>\n<\/div><\/div>\n\n\n\n<p><\/p>\n\n\n\n<div class=\"wp-block-buttons is-content-justification-center is-layout-flex wp-container-core-buttons-is-layout-16018d1d wp-block-buttons-is-layout-flex\">\n<div class=\"wp-block-button\"><a class=\"wp-block-button__link has-text-align-center wp-element-button\" href=\"tel:+32485753881\">Commander maintenant<\/a><\/div>\n<\/div>\n\n\n\n<p><\/p>\n","protected":false},"excerpt":{"rendered":"<p>Un Voyage \u00e0 Chaque Cuill\u00e8re : L&rsquo;Art de la Soupe [&hellip;]<\/p>\n","protected":false},"author":1,"featured_media":0,"parent":0,"menu_order":0,"comment_status":"closed","ping_status":"closed","template":"","meta":{"footnotes":""},"class_list":["post-119","page","type-page","status-publish","hentry"],"yoast_head":"<!-- This site is optimized with the Yoast SEO plugin v24.0 - https:\/\/yoast.com\/wordpress\/plugins\/seo\/ -->\n<title>Menu Soupes - MyDelight<\/title>\n<meta name=\"robots\" content=\"index, follow, max-snippet:-1, max-image-preview:large, max-video-preview:-1\" \/>\n<link rel=\"canonical\" href=\"https:\/\/mydelight.be\/index.php\/menu-soupes\/\" \/>\n<meta property=\"og:locale\" content=\"fr_FR\" \/>\n<meta property=\"og:type\" content=\"article\" \/>\n<meta property=\"og:title\" content=\"Menu Soupes - MyDelight\" \/>\n<meta property=\"og:description\" content=\"Un Voyage \u00e0 Chaque Cuill\u00e8re : L&rsquo;Art de la Soupe [&hellip;]\" \/>\n<meta property=\"og:url\" content=\"https:\/\/mydelight.be\/index.php\/menu-soupes\/\" \/>\n<meta property=\"og:site_name\" content=\"MyDelight\" \/>\n<meta property=\"article:modified_time\" content=\"2025-01-20T13:57:02+00:00\" \/>\n<meta property=\"og:image\" content=\"http:\/\/mydelight.be\/wp-content\/uploads\/2025\/01\/WhatsApp-Image-2025-01-19-at-12.01.42-e1737374265193-1024x768.jpeg\" \/>\n<meta name=\"twitter:card\" content=\"summary_large_image\" \/>\n<meta name=\"twitter:label1\" content=\"Dur\u00e9e de lecture estim\u00e9e\" \/>\n\t<meta name=\"twitter:data1\" content=\"2 minutes\" \/>\n<script type=\"application\/ld+json\" class=\"yoast-schema-graph\">{\"@context\":\"https:\/\/schema.org\",\"@graph\":[{\"@type\":\"WebPage\",\"@id\":\"https:\/\/mydelight.be\/index.php\/menu-soupes\/\",\"url\":\"https:\/\/mydelight.be\/index.php\/menu-soupes\/\",\"name\":\"Menu Soupes - MyDelight\",\"isPartOf\":{\"@id\":\"https:\/\/mydelight.be\/#website\"},\"primaryImageOfPage\":{\"@id\":\"https:\/\/mydelight.be\/index.php\/menu-soupes\/#primaryimage\"},\"image\":{\"@id\":\"https:\/\/mydelight.be\/index.php\/menu-soupes\/#primaryimage\"},\"thumbnailUrl\":\"http:\/\/mydelight.be\/wp-content\/uploads\/2025\/01\/WhatsApp-Image-2025-01-19-at-12.01.42-e1737374265193-1024x768.jpeg\",\"datePublished\":\"2025-01-20T12:03:00+00:00\",\"dateModified\":\"2025-01-20T13:57:02+00:00\",\"breadcrumb\":{\"@id\":\"https:\/\/mydelight.be\/index.php\/menu-soupes\/#breadcrumb\"},\"inLanguage\":\"fr-FR\",\"potentialAction\":[{\"@type\":\"ReadAction\",\"target\":[\"https:\/\/mydelight.be\/index.php\/menu-soupes\/\"]}]},{\"@type\":\"ImageObject\",\"inLanguage\":\"fr-FR\",\"@id\":\"https:\/\/mydelight.be\/index.php\/menu-soupes\/#primaryimage\",\"url\":\"https:\/\/mydelight.be\/wp-content\/uploads\/2025\/01\/WhatsApp-Image-2025-01-19-at-12.01.42-e1737374265193.jpeg\",\"contentUrl\":\"https:\/\/mydelight.be\/wp-content\/uploads\/2025\/01\/WhatsApp-Image-2025-01-19-at-12.01.42-e1737374265193.jpeg\",\"width\":1373,\"height\":1030},{\"@type\":\"BreadcrumbList\",\"@id\":\"https:\/\/mydelight.be\/index.php\/menu-soupes\/#breadcrumb\",\"itemListElement\":[{\"@type\":\"ListItem\",\"position\":1,\"name\":\"Accueil\",\"item\":\"https:\/\/mydelight.be\/\"},{\"@type\":\"ListItem\",\"position\":2,\"name\":\"Menu Soupes\"}]},{\"@type\":\"WebSite\",\"@id\":\"https:\/\/mydelight.be\/#website\",\"url\":\"https:\/\/mydelight.be\/\",\"name\":\"MyDelight\",\"description\":\"\",\"publisher\":{\"@id\":\"https:\/\/mydelight.be\/#organization\"},\"potentialAction\":[{\"@type\":\"SearchAction\",\"target\":{\"@type\":\"EntryPoint\",\"urlTemplate\":\"https:\/\/mydelight.be\/?s={search_term_string}\"},\"query-input\":{\"@type\":\"PropertyValueSpecification\",\"valueRequired\":true,\"valueName\":\"search_term_string\"}}],\"inLanguage\":\"fr-FR\"},{\"@type\":\"Organization\",\"@id\":\"https:\/\/mydelight.be\/#organization\",\"name\":\"MyDelight\",\"url\":\"https:\/\/mydelight.be\/\",\"logo\":{\"@type\":\"ImageObject\",\"inLanguage\":\"fr-FR\",\"@id\":\"https:\/\/mydelight.be\/#\/schema\/logo\/image\/\",\"url\":\"https:\/\/mydelight.be\/wp-content\/uploads\/2024\/10\/cropped-f0d6115b-e54f-4c35-867c-30eba453fe00-removebg-preview.png\",\"contentUrl\":\"https:\/\/mydelight.be\/wp-content\/uploads\/2024\/10\/cropped-f0d6115b-e54f-4c35-867c-30eba453fe00-removebg-preview.png\",\"width\":500,\"height\":500,\"caption\":\"MyDelight\"},\"image\":{\"@id\":\"https:\/\/mydelight.be\/#\/schema\/logo\/image\/\"}}]}<\/script>\n<!-- \/ Yoast SEO plugin. -->","yoast_head_json":{"title":"Menu Soupes - MyDelight","robots":{"index":"index","follow":"follow","max-snippet":"max-snippet:-1","max-image-preview":"max-image-preview:large","max-video-preview":"max-video-preview:-1"},"canonical":"https:\/\/mydelight.be\/index.php\/menu-soupes\/","og_locale":"fr_FR","og_type":"article","og_title":"Menu Soupes - MyDelight","og_description":"Un Voyage \u00e0 Chaque Cuill\u00e8re : L&rsquo;Art de la Soupe [&hellip;]","og_url":"https:\/\/mydelight.be\/index.php\/menu-soupes\/","og_site_name":"MyDelight","article_modified_time":"2025-01-20T13:57:02+00:00","og_image":[{"url":"http:\/\/mydelight.be\/wp-content\/uploads\/2025\/01\/WhatsApp-Image-2025-01-19-at-12.01.42-e1737374265193-1024x768.jpeg","type":"","width":"","height":""}],"twitter_card":"summary_large_image","twitter_misc":{"Dur\u00e9e de lecture estim\u00e9e":"2 minutes"},"schema":{"@context":"https:\/\/schema.org","@graph":[{"@type":"WebPage","@id":"https:\/\/mydelight.be\/index.php\/menu-soupes\/","url":"https:\/\/mydelight.be\/index.php\/menu-soupes\/","name":"Menu Soupes - MyDelight","isPartOf":{"@id":"https:\/\/mydelight.be\/#website"},"primaryImageOfPage":{"@id":"https:\/\/mydelight.be\/index.php\/menu-soupes\/#primaryimage"},"image":{"@id":"https:\/\/mydelight.be\/index.php\/menu-soupes\/#primaryimage"},"thumbnailUrl":"http:\/\/mydelight.be\/wp-content\/uploads\/2025\/01\/WhatsApp-Image-2025-01-19-at-12.01.42-e1737374265193-1024x768.jpeg","datePublished":"2025-01-20T12:03:00+00:00","dateModified":"2025-01-20T13:57:02+00:00","breadcrumb":{"@id":"https:\/\/mydelight.be\/index.php\/menu-soupes\/#breadcrumb"},"inLanguage":"fr-FR","potentialAction":[{"@type":"ReadAction","target":["https:\/\/mydelight.be\/index.php\/menu-soupes\/"]}]},{"@type":"ImageObject","inLanguage":"fr-FR","@id":"https:\/\/mydelight.be\/index.php\/menu-soupes\/#primaryimage","url":"https:\/\/mydelight.be\/wp-content\/uploads\/2025\/01\/WhatsApp-Image-2025-01-19-at-12.01.42-e1737374265193.jpeg","contentUrl":"https:\/\/mydelight.be\/wp-content\/uploads\/2025\/01\/WhatsApp-Image-2025-01-19-at-12.01.42-e1737374265193.jpeg","width":1373,"height":1030},{"@type":"BreadcrumbList","@id":"https:\/\/mydelight.be\/index.php\/menu-soupes\/#breadcrumb","itemListElement":[{"@type":"ListItem","position":1,"name":"Accueil","item":"https:\/\/mydelight.be\/"},{"@type":"ListItem","position":2,"name":"Menu Soupes"}]},{"@type":"WebSite","@id":"https:\/\/mydelight.be\/#website","url":"https:\/\/mydelight.be\/","name":"MyDelight","description":"","publisher":{"@id":"https:\/\/mydelight.be\/#organization"},"potentialAction":[{"@type":"SearchAction","target":{"@type":"EntryPoint","urlTemplate":"https:\/\/mydelight.be\/?s={search_term_string}"},"query-input":{"@type":"PropertyValueSpecification","valueRequired":true,"valueName":"search_term_string"}}],"inLanguage":"fr-FR"},{"@type":"Organization","@id":"https:\/\/mydelight.be\/#organization","name":"MyDelight","url":"https:\/\/mydelight.be\/","logo":{"@type":"ImageObject","inLanguage":"fr-FR","@id":"https:\/\/mydelight.be\/#\/schema\/logo\/image\/","url":"https:\/\/mydelight.be\/wp-content\/uploads\/2024\/10\/cropped-f0d6115b-e54f-4c35-867c-30eba453fe00-removebg-preview.png","contentUrl":"https:\/\/mydelight.be\/wp-content\/uploads\/2024\/10\/cropped-f0d6115b-e54f-4c35-867c-30eba453fe00-removebg-preview.png","width":500,"height":500,"caption":"MyDelight"},"image":{"@id":"https:\/\/mydelight.be\/#\/schema\/logo\/image\/"}}]}},"_links":{"self":[{"href":"https:\/\/mydelight.be\/index.php\/wp-json\/wp\/v2\/pages\/119","targetHints":{"allow":["GET"]}}],"collection":[{"href":"https:\/\/mydelight.be\/index.php\/wp-json\/wp\/v2\/pages"}],"about":[{"href":"https:\/\/mydelight.be\/index.php\/wp-json\/wp\/v2\/types\/page"}],"author":[{"embeddable":true,"href":"https:\/\/mydelight.be\/index.php\/wp-json\/wp\/v2\/users\/1"}],"replies":[{"embeddable":true,"href":"https:\/\/mydelight.be\/index.php\/wp-json\/wp\/v2\/comments?post=119"}],"version-history":[{"count":12,"href":"https:\/\/mydelight.be\/index.php\/wp-json\/wp\/v2\/pages\/119\/revisions"}],"predecessor-version":[{"id":142,"href":"https:\/\/mydelight.be\/index.php\/wp-json\/wp\/v2\/pages\/119\/revisions\/142"}],"wp:attachment":[{"href":"https:\/\/mydelight.be\/index.php\/wp-json\/wp\/v2\/media?parent=119"}],"curies":[{"name":"wp","href":"https:\/\/api.w.org\/{rel}","templated":true}]}}